{"id":29,"date":"2023-08-15T22:53:40","date_gmt":"2023-08-15T20:53:40","guid":{"rendered":"https:\/\/bgz-lengerich.de\/?page_id=29"},"modified":"2026-03-04T20:47:42","modified_gmt":"2026-03-04T19:47:42","slug":"bgz-lengerich","status":"publish","type":"page","link":"https:\/\/bgz-lengerich.de\/de_de\/","title":{"rendered":"Startseite"},"content":{"rendered":"\t\t<div data-elementor-type=\"wp-page\" data-elementor-id=\"29\" class=\"elementor elementor-29\">\n\t\t\t\t<section class=\"elementor-element elementor-element-ea7cd0f e-flex e-con-boxed e-con e-parent\" data-id=\"ea7cd0f\" data-element_type=\"container\" data-e-type=\"container\" data-settings=\"{&quot;background_background&quot;:&quot;classic&quot;}\">\n\t\t\t\t\t<div class=\"e-con-inner\">\n\t\t<div class=\"elementor-element elementor-element-e9e8541 e-con-full e-flex e-con e-child\" data-id=\"e9e8541\" data-element_type=\"container\" data-e-type=\"container\">\n\t\t\t\t<div class=\"elementor-element elementor-element-721a0c2 elementor-invisible elementor-widget elementor-widget-heading\" data-id=\"721a0c2\" data-element_type=\"widget\" data-e-type=\"widget\" data-settings=\"{&quot;_animation&quot;:&quot;fadeInUp&quot;,&quot;_animation_delay&quot;:300}\" data-widget_type=\"heading.default\">\n\t\t\t\t<div class=\"elementor-widget-container\">\n\t\t\t\t\t<h4 class=\"elementor-heading-title elementor-size-default\">Begegnungszentrum Lengerich e.V<\/h4>\t\t\t\t<\/div>\n\t\t\t\t<\/div>\n\t\t\t\t<div class=\"elementor-element elementor-element-9a464f5 elementor-widget elementor-widget-text-editor\" data-id=\"9a464f5\" data-element_type=\"widget\" data-e-type=\"widget\" data-widget_type=\"text-editor.default\">\n\t\t\t\t<div class=\"elementor-widget-container\">\n\t\t\t\t\t\t\t\t\t<p style=\"font-variant-ligatures: normal; font-variant-caps: normal; font-family: Karla, sans-serif; font-size: 18px; font-style: normal; font-weight: 400; color: #7a7a7a; text-align: start;\">Unser Verein \u201eBegegnungszentrum Lengerich e.V.\u201c wurde von Aussiedlern, Sp\u00e4taussiedlern, Ausl\u00e4ndern und Einheimischen mit der Unterst\u00fctzung von lokalen Politikern und der Stadtverwaltung Lengerich aufgrund der hohen Migrationsproblematik im M\u00e4rz 2004 in der Stadt Lengerich\/NRW gegr\u00fcndet.<\/p><p style=\"font-variant-ligatures: normal; font-variant-caps: normal; font-family: Karla, sans-serif; font-size: 18px; font-style: normal; font-weight: 400; color: #7a7a7a; text-align: start;\">Wir sind eine lebendige Organisation, die gemeinsame Interessen und Bed\u00fcrfnisse der Menschen mit unterschiedlicher Herkunft vereinigt. Durch gemeinsame Aktivit\u00e4ten m\u00f6chten wir einen besseren Weg zur Verst\u00e4ndigung \u00fcber gemeinsame Grundlagen und Regeln des Zusammenlebens in einer Gesellschaft zeigen, wo Toleranz und Respekt gegen\u00fcber anderen unverzichtbare Grundwerte im Umgang miteinander sind.<\/p>\t\t\t\t\t\t\t\t<\/div>\n\t\t\t\t<\/div>\n\t\t\t\t<\/div>\n\t\t\t\t\t<\/div>\n\t\t\t\t<\/section>\n\t\t<section class=\"elementor-element elementor-element-ef14d87 e-flex e-con-boxed e-con e-parent\" data-id=\"ef14d87\" data-element_type=\"container\" data-e-type=\"container\" data-settings=\"{&quot;background_background&quot;:&quot;classic&quot;}\">\n\t\t\t\t\t<div class=\"e-con-inner\">\n\t\t<div class=\"elementor-element elementor-element-43e38b5 e-con-full e-flex e-con e-child\" data-id=\"43e38b5\" data-element_type=\"container\" data-e-type=\"container\">\n\t\t\t\t<div class=\"elementor-element elementor-element-d881918 elementor-widget elementor-widget-heading\" data-id=\"d881918\" data-element_type=\"widget\" data-e-type=\"widget\" data-widget_type=\"heading.default\">\n\t\t\t\t<div class=\"elementor-widget-container\">\n\t\t\t\t\t<h2 class=\"elementor-heading-title elementor-size-default\">Kurse und Projekte<\/h2>\t\t\t\t<\/div>\n\t\t\t\t<\/div>\n\t\t\t\t<div class=\"elementor-element elementor-element-d15abdb elementor-widget elementor-widget-accordion\" data-id=\"d15abdb\" data-element_type=\"widget\" data-e-type=\"widget\" data-widget_type=\"accordion.default\">\n\t\t\t\t<div class=\"elementor-widget-container\">\n\t\t\t\t\t\t\t<div class=\"elementor-accordion\">\n\t\t\t\t\t\t\t<div class=\"elementor-accordion-item\">\n\t\t\t\t\t<div id=\"elementor-tab-title-2191\" class=\"elementor-tab-title\" data-tab=\"1\" role=\"button\" aria-controls=\"elementor-tab-content-2191\" aria-expanded=\"false\">\n\t\t\t\t\t\t\t\t\t\t\t\t\t<span class=\"elementor-accordion-icon elementor-accordion-icon-right\" aria-hidden=\"true\">\n\t\t\t\t\t\t\t\t\t\t\t\t\t\t\t<span class=\"elementor-accordion-icon-closed\"><i class=\"fas fa-plus-circle\"><\/i><\/span>\n\t\t\t\t\t\t\t\t<span class=\"elementor-accordion-icon-opened\"><i class=\"fas fa-minus-circle\"><\/i><\/span>\n\t\t\t\t\t\t\t\t\t\t\t\t\t\t<\/span>\n\t\t\t\t\t\t\t\t\t\t\t\t<a class=\"elementor-accordion-title\" tabindex=\"0\">Mathe (Logisches Denken)<\/a>\n\t\t\t\t\t<\/div>\n\t\t\t\t\t<div id=\"elementor-tab-content-2191\" class=\"elementor-tab-content elementor-clearfix\" data-tab=\"1\" role=\"region\" aria-labelledby=\"elementor-tab-title-2191\"><p><em>Schon fr\u00fch k\u00f6nnen die Eltern etwas daf\u00fcr tun, damit das Kind mit der Mathematik sp\u00e4ter weniger Schwierigkeiten hat.<\/em><\/p><\/div>\n\t\t\t\t<\/div>\n\t\t\t\t\t\t\t<div class=\"elementor-accordion-item\">\n\t\t\t\t\t<div id=\"elementor-tab-title-2192\" class=\"elementor-tab-title\" data-tab=\"2\" role=\"button\" aria-controls=\"elementor-tab-content-2192\" aria-expanded=\"false\">\n\t\t\t\t\t\t\t\t\t\t\t\t\t<span class=\"elementor-accordion-icon elementor-accordion-icon-right\" aria-hidden=\"true\">\n\t\t\t\t\t\t\t\t\t\t\t\t\t\t\t<span class=\"elementor-accordion-icon-closed\"><i class=\"fas fa-plus-circle\"><\/i><\/span>\n\t\t\t\t\t\t\t\t<span class=\"elementor-accordion-icon-opened\"><i class=\"fas fa-minus-circle\"><\/i><\/span>\n\t\t\t\t\t\t\t\t\t\t\t\t\t\t<\/span>\n\t\t\t\t\t\t\t\t\t\t\t\t<a class=\"elementor-accordion-title\" tabindex=\"0\">Mal-Studio<\/a>\n\t\t\t\t\t<\/div>\n\t\t\t\t\t<div id=\"elementor-tab-content-2192\" class=\"elementor-tab-content elementor-clearfix\" data-tab=\"2\" role=\"region\" aria-labelledby=\"elementor-tab-title-2192\"><p><em>Das Malprojekt &#8222;Ich sehe was, was du nicht siehst&#8220; nimmt sich die Aufgabe die k\u00fcnstlerische Entwicklung von Kindern spielerisch zu f\u00f6rdern und bietet<\/em>&#8230;<\/p><p>weiter lesen<\/p><\/div>\n\t\t\t\t<\/div>\n\t\t\t\t\t\t\t<div class=\"elementor-accordion-item\">\n\t\t\t\t\t<div id=\"elementor-tab-title-2193\" class=\"elementor-tab-title\" data-tab=\"3\" role=\"button\" aria-controls=\"elementor-tab-content-2193\" aria-expanded=\"false\">\n\t\t\t\t\t\t\t\t\t\t\t\t\t<span class=\"elementor-accordion-icon elementor-accordion-icon-right\" aria-hidden=\"true\">\n\t\t\t\t\t\t\t\t\t\t\t\t\t\t\t<span class=\"elementor-accordion-icon-closed\"><i class=\"fas fa-plus-circle\"><\/i><\/span>\n\t\t\t\t\t\t\t\t<span class=\"elementor-accordion-icon-opened\"><i class=\"fas fa-minus-circle\"><\/i><\/span>\n\t\t\t\t\t\t\t\t\t\t\t\t\t\t<\/span>\n\t\t\t\t\t\t\t\t\t\t\t\t<a class=\"elementor-accordion-title\" tabindex=\"0\">Alte Sachen - Neue Mode<\/a>\n\t\t\t\t\t<\/div>\n\t\t\t\t\t<div id=\"elementor-tab-content-2193\" class=\"elementor-tab-content elementor-clearfix\" data-tab=\"3\" role=\"region\" aria-labelledby=\"elementor-tab-title-2193\"><p><span style=\"line-height: 150%;\">N\u00e4hen kann jeder lernen, es ist kreativ und macht Spa\u00df. In der Regel haben Kinder und Jugendliche kaum Kenntnisse \u00fcber die Grundlagen des N\u00e4hens. Das vom Begegnungszentrum Lengerich e.V. durchgef\u00fchrte N\u00e4hprojekt<\/span> <b style=\"line-height: 150%;\">\u201eAlte Sachen \u2013 Neue Mode\u201c<\/b> <span style=\"line-height: 150%;\">soll Kindern und Jugendlichen&#8230;<\/span><\/p><p>weiter lesen&#8230;<\/p><\/div>\n\t\t\t\t<\/div>\n\t\t\t\t\t\t\t<div class=\"elementor-accordion-item\">\n\t\t\t\t\t<div id=\"elementor-tab-title-2194\" class=\"elementor-tab-title\" data-tab=\"4\" role=\"button\" aria-controls=\"elementor-tab-content-2194\" aria-expanded=\"false\">\n\t\t\t\t\t\t\t\t\t\t\t\t\t<span class=\"elementor-accordion-icon elementor-accordion-icon-right\" aria-hidden=\"true\">\n\t\t\t\t\t\t\t\t\t\t\t\t\t\t\t<span class=\"elementor-accordion-icon-closed\"><i class=\"fas fa-plus-circle\"><\/i><\/span>\n\t\t\t\t\t\t\t\t<span class=\"elementor-accordion-icon-opened\"><i class=\"fas fa-minus-circle\"><\/i><\/span>\n\t\t\t\t\t\t\t\t\t\t\t\t\t\t<\/span>\n\t\t\t\t\t\t\t\t\t\t\t\t<a class=\"elementor-accordion-title\" tabindex=\"0\">Back-. und Kochstudio-Workshop<\/a>\n\t\t\t\t\t<\/div>\n\t\t\t\t\t<div id=\"elementor-tab-content-2194\" class=\"elementor-tab-content elementor-clearfix\" data-tab=\"4\" role=\"region\" aria-labelledby=\"elementor-tab-title-2194\"><p>&#8230;.<\/p><\/div>\n\t\t\t\t<\/div>\n\t\t\t\t\t\t\t\t<\/div>\n\t\t\t\t\t\t<\/div>\n\t\t\t\t<\/div>\n\t\t\t\t<div class=\"elementor-element elementor-element-b1fc461 elementor-invisible elementor-widget elementor-widget-heading\" data-id=\"b1fc461\" data-element_type=\"widget\" data-e-type=\"widget\" data-settings=\"{&quot;_animation&quot;:&quot;fadeInUp&quot;,&quot;_animation_delay&quot;:300}\" data-widget_type=\"heading.default\">\n\t\t\t\t<div class=\"elementor-widget-container\">\n\t\t\t\t\t<h2 class=\"elementor-heading-title elementor-size-default\">Unsere\nKooperationspartner:<\/h2>\t\t\t\t<\/div>\n\t\t\t\t<\/div>\n\t\t<div class=\"elementor-element elementor-element-bff052d e-grid e-con-full e-con e-child\" data-id=\"bff052d\" data-element_type=\"container\" data-e-type=\"container\">\n\t\t\t\t<div class=\"elementor-element elementor-element-ea2df1f elementor-widget elementor-widget-image\" data-id=\"ea2df1f\" data-element_type=\"widget\" data-e-type=\"widget\" data-widget_type=\"image.default\">\n\t\t\t\t<div class=\"elementor-widget-container\">\n\t\t\t\t\t\t\t\t\t\t\t\t\t\t\t\t<a href=\"https:\/\/www.aktion-mensch.de\/\" target=\"_blank\">\n\t\t\t\t\t\t\t<img fetchpriority=\"high\" decoding=\"async\" width=\"383\" height=\"154\" src=\"https:\/\/bgz-lengerich.de\/wp-content\/uploads\/2023\/09\/akm-logo.png\" class=\"attachment-full size-full wp-image-917\" alt=\"\" srcset=\"https:\/\/bgz-lengerich.de\/wp-content\/uploads\/2023\/09\/akm-logo.png 383w, https:\/\/bgz-lengerich.de\/wp-content\/uploads\/2023\/09\/akm-logo-300x121.png 300w, https:\/\/bgz-lengerich.de\/wp-content\/uploads\/2023\/09\/elementor\/thumbs\/akm-logo-qbyw8gmar5va27ch2jdeivgln5y7m53awuls75xt6q.png 192w, https:\/\/bgz-lengerich.de\/wp-content\/uploads\/2023\/09\/elementor\/thumbs\/akm-logo-qbyw8gm9l28ms566ci6b1k5kvclvu9r3kjsd2j9k7a.png 96w\" sizes=\"(max-width: 383px) 100vw, 383px\" \/>\t\t\t\t\t\t\t\t<\/a>\n\t\t\t\t\t\t\t\t\t\t\t\t\t\t\t<\/div>\n\t\t\t\t<\/div>\n\t\t\t\t<div class=\"elementor-element elementor-element-442c925 elementor-widget elementor-widget-image\" data-id=\"442c925\" data-element_type=\"widget\" data-e-type=\"widget\" data-widget_type=\"image.default\">\n\t\t\t\t<div class=\"elementor-widget-container\">\n\t\t\t\t\t\t\t\t\t\t\t\t\t\t\t\t<a href=\"https:\/\/www.gluecksspirale.de\/\" target=\"_blank\">\n\t\t\t\t\t\t\t<img decoding=\"async\" width=\"200\" height=\"190\" src=\"https:\/\/bgz-lengerich.de\/wp-content\/uploads\/2023\/09\/GluecksSpirale.png\" class=\"attachment-full size-full wp-image-922\" alt=\"\" \/>\t\t\t\t\t\t\t\t<\/a>\n\t\t\t\t\t\t\t\t\t\t\t\t\t\t\t<\/div>\n\t\t\t\t<\/div>\n\t\t\t\t<div class=\"elementor-element elementor-element-bdf6298 elementor-widget elementor-widget-image\" data-id=\"bdf6298\" data-element_type=\"widget\" data-e-type=\"widget\" data-widget_type=\"image.default\">\n\t\t\t\t<div class=\"elementor-widget-container\">\n\t\t\t\t\t\t\t\t\t\t\t\t\t\t\t\t<a href=\"https:\/\/www.buendnisse-fuer-bildung.de\/buendnissefuerbildung\/de\/home\/home_node\" target=\"_blank\">\n\t\t\t\t\t\t\t<img decoding=\"async\" width=\"284\" height=\"178\" src=\"https:\/\/bgz-lengerich.de\/wp-content\/uploads\/2023\/09\/Kultur-macht-Stark-logo.png\" class=\"attachment-full size-full wp-image-1145\" alt=\"\" \/>\t\t\t\t\t\t\t\t<\/a>\n\t\t\t\t\t\t\t\t\t\t\t\t\t\t\t<\/div>\n\t\t\t\t<\/div>\n\t\t<div class=\"elementor-element elementor-element-1b81545 animated-slow e-con-full e-flex elementor-invisible e-con e-child\" data-id=\"1b81545\" data-element_type=\"container\" data-e-type=\"container\" data-settings=\"{&quot;animation&quot;:&quot;fadeIn&quot;}\">\n\t\t\t\t<div class=\"elementor-element elementor-element-d7ed016 elementor-widget elementor-widget-image\" data-id=\"d7ed016\" data-element_type=\"widget\" data-e-type=\"widget\" data-widget_type=\"image.default\">\n\t\t\t\t<div class=\"elementor-widget-container\">\n\t\t\t\t\t\t\t\t\t\t\t\t\t\t\t\t<a href=\"https:\/\/www.kreis-steinfurt.de\/kv_steinfurt\/Kreisverwaltung\/%C3%84mter\/Kommunales%20Integrationszentrum\/\" target=\"_blank\">\n\t\t\t\t\t\t\t<img loading=\"lazy\" decoding=\"async\" width=\"1365\" height=\"289\" src=\"https:\/\/bgz-lengerich.de\/wp-content\/uploads\/2023\/09\/Logo-KIZ.jpg\" class=\"attachment-full size-full wp-image-923\" alt=\"\" srcset=\"https:\/\/bgz-lengerich.de\/wp-content\/uploads\/2023\/09\/Logo-KIZ.jpg 1365w, https:\/\/bgz-lengerich.de\/wp-content\/uploads\/2023\/09\/Logo-KIZ-300x64.jpg 300w, https:\/\/bgz-lengerich.de\/wp-content\/uploads\/2023\/09\/Logo-KIZ-1024x217.jpg 1024w, https:\/\/bgz-lengerich.de\/wp-content\/uploads\/2023\/09\/Logo-KIZ-768x163.jpg 768w\" sizes=\"(max-width: 1365px) 100vw, 1365px\" \/>\t\t\t\t\t\t\t\t<\/a>\n\t\t\t\t\t\t\t\t\t\t\t\t\t\t\t<\/div>\n\t\t\t\t<\/div>\n\t\t\t\t<\/div>\n\t\t\t\t<div class=\"elementor-element elementor-element-b61b96c elementor-widget elementor-widget-image\" data-id=\"b61b96c\" data-element_type=\"widget\" data-e-type=\"widget\" data-widget_type=\"image.default\">\n\t\t\t\t<div class=\"elementor-widget-container\">\n\t\t\t\t\t\t\t\t\t\t\t\t\t\t\t\t<a href=\"https:\/\/www.der-paritaetische.de\/\" target=\"_blank\">\n\t\t\t\t\t\t\t<img loading=\"lazy\" decoding=\"async\" width=\"355\" height=\"142\" src=\"https:\/\/bgz-lengerich.de\/wp-content\/uploads\/2023\/09\/paritaet-nrw-logo.png\" class=\"attachment-full size-full wp-image-1141\" alt=\"\" srcset=\"https:\/\/bgz-lengerich.de\/wp-content\/uploads\/2023\/09\/paritaet-nrw-logo.png 355w, https:\/\/bgz-lengerich.de\/wp-content\/uploads\/2023\/09\/paritaet-nrw-logo-300x120.png 300w\" sizes=\"(max-width: 355px) 100vw, 355px\" \/>\t\t\t\t\t\t\t\t<\/a>\n\t\t\t\t\t\t\t\t\t\t\t\t\t\t\t<\/div>\n\t\t\t\t<\/div>\n\t\t\t\t<div class=\"elementor-element elementor-element-2a1686f elementor-widget elementor-widget-image\" data-id=\"2a1686f\" data-element_type=\"widget\" data-e-type=\"widget\" data-widget_type=\"image.default\">\n\t\t\t\t<div class=\"elementor-widget-container\">\n\t\t\t\t\t\t\t\t\t\t\t\t\t\t\t\t<a href=\"https:\/\/www2.lwl.org\/de\/LWL\/portal\/\" target=\"_blank\">\n\t\t\t\t\t\t\t<img loading=\"lazy\" decoding=\"async\" width=\"285\" height=\"177\" src=\"https:\/\/bgz-lengerich.de\/wp-content\/uploads\/2023\/09\/LWL-logo.png\" class=\"attachment-full size-full wp-image-1149\" alt=\"\" \/>\t\t\t\t\t\t\t\t<\/a>\n\t\t\t\t\t\t\t\t\t\t\t\t\t\t\t<\/div>\n\t\t\t\t<\/div>\n\t\t\t\t<\/div>\n\t\t\t\t<\/div>\n\t\t\t\t\t<\/div>\n\t\t\t\t<\/section>\n\t\t\t\t<\/div>\n\t\t","protected":false},"excerpt":{"rendered":"<p>Begegnungszentrum Lengerich e.V Unser Verein \u201eBegegnungszentrum Lengerich e.V.\u201c wurde von Aussiedlern, Sp\u00e4taussiedlern, Ausl\u00e4ndern und Einheimischen mit der Unterst\u00fctzung von lokalen Politikern und der Stadtverwaltung Lengerich aufgrund der hohen Migrationsproblematik im M\u00e4rz 2004 in der Stadt Lengerich\/NRW gegr\u00fcndet. Wir sind eine lebendige Organisation, die gemeinsame Interessen und Bed\u00fcrfnisse der Menschen mit unterschiedlicher Herkunft vereinigt. Durch gemeinsame [&hellip;]<\/p>\n","protected":false},"author":1,"featured_media":1014,"parent":0,"menu_order":0,"comment_status":"closed","ping_status":"closed","template":"","meta":{"ocean_post_layout":"full-screen","ocean_both_sidebars_style":"","ocean_both_sidebars_content_width":0,"ocean_both_sidebars_sidebars_width":0,"ocean_sidebar":"0","ocean_second_sidebar":"0","ocean_disable_margins":"enable","ocean_add_body_class":"","ocean_shortcode_before_top_bar":"","ocean_shortcode_after_top_bar":"","ocean_shortcode_before_header":"","ocean_shortcode_after_header":"","ocean_has_shortcode":"","ocean_shortcode_after_title":"","ocean_shortcode_before_footer_widgets":"","ocean_shortcode_after_footer_widgets":"","ocean_shortcode_before_footer_bottom":"","ocean_shortcode_after_footer_bottom":"","ocean_display_top_bar":"off","ocean_display_header":"default","ocean_header_style":"","ocean_center_header_left_menu":"0","ocean_custom_header_template":"0","ocean_custom_logo":0,"ocean_custom_retina_logo":0,"ocean_custom_logo_max_width":0,"ocean_custom_logo_tablet_max_width":0,"ocean_custom_logo_mobile_max_width":0,"ocean_custom_logo_max_height":0,"ocean_custom_logo_tablet_max_height":0,"ocean_custom_logo_mobile_max_height":0,"ocean_header_custom_menu":"0","ocean_menu_typo_font_family":"0","ocean_menu_typo_font_subset":"","ocean_menu_typo_font_size":0,"ocean_menu_typo_font_size_tablet":0,"ocean_menu_typo_font_size_mobile":0,"ocean_menu_typo_font_size_unit":"px","ocean_menu_typo_font_weight":"","ocean_menu_typo_font_weight_tablet":"","ocean_menu_typo_font_weight_mobile":"","ocean_menu_typo_transform":"","ocean_menu_typo_transform_tablet":"","ocean_menu_typo_transform_mobile":"","ocean_menu_typo_line_height":0,"ocean_menu_typo_line_height_tablet":0,"ocean_menu_typo_line_height_mobile":0,"ocean_menu_typo_line_height_unit":"","ocean_menu_typo_spacing":0,"ocean_menu_typo_spacing_tablet":0,"ocean_menu_typo_spacing_mobile":0,"ocean_menu_typo_spacing_unit":"","ocean_menu_link_color":"","ocean_menu_link_color_hover":"","ocean_menu_link_color_active":"","ocean_menu_link_background":"","ocean_menu_link_hover_background":"","ocean_menu_link_active_background":"","ocean_menu_social_links_bg":"","ocean_menu_social_hover_links_bg":"","ocean_menu_social_links_color":"","ocean_menu_social_hover_links_color":"","ocean_disable_title":"on","ocean_disable_heading":"default","ocean_post_title":"","ocean_post_subheading":"","ocean_post_title_style":"","ocean_post_title_background_color":"","ocean_post_title_background":0,"ocean_post_title_bg_image_position":"","ocean_post_title_bg_image_attachment":"","ocean_post_title_bg_image_repeat":"","ocean_post_title_bg_image_size":"","ocean_post_title_height":0,"ocean_post_title_bg_overlay":0.5,"ocean_post_title_bg_overlay_color":"","ocean_disable_breadcrumbs":"default","ocean_breadcrumbs_color":"","ocean_breadcrumbs_separator_color":"","ocean_breadcrumbs_links_color":"","ocean_breadcrumbs_links_hover_color":"","ocean_display_footer_widgets":"off","ocean_display_footer_bottom":"off","ocean_custom_footer_template":"0","footnotes":""},"class_list":["post-29","page","type-page","status-publish","has-post-thumbnail","hentry","entry","has-media"],"jetpack_sharing_enabled":true,"_links":{"self":[{"href":"https:\/\/bgz-lengerich.de\/de_de\/wp-json\/wp\/v2\/pages\/29","targetHints":{"allow":["GET"]}}],"collection":[{"href":"https:\/\/bgz-lengerich.de\/de_de\/wp-json\/wp\/v2\/pages"}],"about":[{"href":"https:\/\/bgz-lengerich.de\/de_de\/wp-json\/wp\/v2\/types\/page"}],"author":[{"embeddable":true,"href":"https:\/\/bgz-lengerich.de\/de_de\/wp-json\/wp\/v2\/users\/1"}],"replies":[{"embeddable":true,"href":"https:\/\/bgz-lengerich.de\/de_de\/wp-json\/wp\/v2\/comments?post=29"}],"version-history":[{"count":10,"href":"https:\/\/bgz-lengerich.de\/de_de\/wp-json\/wp\/v2\/pages\/29\/revisions"}],"predecessor-version":[{"id":2509,"href":"https:\/\/bgz-lengerich.de\/de_de\/wp-json\/wp\/v2\/pages\/29\/revisions\/2509"}],"wp:featuredmedia":[{"embeddable":true,"href":"https:\/\/bgz-lengerich.de\/de_de\/wp-json\/wp\/v2\/media\/1014"}],"wp:attachment":[{"href":"https:\/\/bgz-lengerich.de\/de_de\/wp-json\/wp\/v2\/media?parent=29"}],"curies":[{"name":"wp","href":"https:\/\/api.w.org\/{rel}","templated":true}]}}